{"id":119,"date":"2014-01-12T00:09:15","date_gmt":"2014-01-11T23:09:15","guid":{"rendered":"http:\/\/altertumsverein-bad-buchau.de\/?page_id=119"},"modified":"2023-11-15T16:40:23","modified_gmt":"2023-11-15T15:40:23","slug":"vorstand","status":"publish","type":"page","link":"https:\/\/altertumsverein-bad-buchau.de\/?page_id=119","title":{"rendered":"Vorstand, Ausschuss, Mitgliederversammlung"},"content":{"rendered":"<ul>\n<li>Dr. Karl Sandmaier, 1. Vorsitzender<\/li>\n<li>Dr. Wolfgang Blumenschein, 2. Vorsitzender<\/li>\n<li>Dietmar Rief, Kassenverwalter<\/li>\n<li>Nadja \u00d6nc\u00fc, Schriftf\u00fchrerin<\/li>\n<li>Kilian Horlacher, Beisitzer<\/li>\n<li>Peter Diesch, B\u00fcrgermeister und Vertreter der Stadt<\/li>\n<li>Dr. Ralf Baumeister, Leiter des Federseemuseums, beratend<\/li>\n<\/ul>\n<p>Die Mitgliederversammlung hat wegen ihrer Verdienste um den Verein zu Ehrenmitglieder ernannt:<\/p>\n<ul>\n<li>Dr. Erwin Keefer<\/li>\n<li>Dr. Bertram Tschirdewahn<\/li>\n<\/ul>\n<p>Der Ausschuss des Vereins ist f\u00fcr den Haushaltsplan zust\u00e4ndig. Er setzt sich zusammen aus<\/p>\n<ul>\n<li>dem Vorstand<\/li>\n<li>Beisitzern aus den Mitgliedern: Josef Magino, Dr. Herbert Schneider, Rolf Prei\u00dfing, Walter Hummler, Dr. August Sandmaier (+)<\/li>\n<li>der Leiterin des arch\u00e4ologischen Landesmuseums: Dr. Barbara Theune- Gro\u00dfkopf<\/li>\n<li>2 Vertretern des Gemeindeverwaltungsverbandes: BM Schulthei\u00df Kanzach ; BM Hepp, Alleshausen<\/li>\n<li>je einem Vertreter der Kirchengemeinden: kath. Pfarrer Martin D\u00f6rflinger,\u00a0 ev. Pfarrer Markus Lutz<\/li>\n<li>den Schulleitern:\u00a0 Progymnasium Dr. Matthias Hoffmann, Federseeschule Oliver Paul<\/li>\n<li>3 Vertretern des Gemeinderates: Stefan Feurle, Thomas B\u00fcrker, Stefan Hohl<\/li>\n<li>der \u00f6rtlichen Naturschutzbeauftragten: Dr. Kathrin Fritzsch<\/li>\n<\/ul>\n<p>Wenn\u00a0 Sie einen Einblick in die Satzung nehmen wollen, klicken Sie\u00a0 hier:\u00a0 <a href=\"http:\/\/altertumsverein-bad-buchau.de\/wp-content\/uploads\/2014\/11\/Satzung-AV.doc.docx\">Satzung AV.doc<\/a><\/p>\n<p>Wenn Sie Mitglied werden wollen, finden sie hier ein Formular zur Eintrittserkl\u00e4rung: <a href=\"http:\/\/altertumsverein-bad-buchau.de\/wp-content\/uploads\/2014\/01\/Aufnahmeantrag-neu.doc\">Aufnahmeantrag <\/a><\/p>\n","protected":false},"excerpt":{"rendered":"<p>Dr. Karl Sandmaier, 1. Vorsitzender Dr. Wolfgang Blumenschein, 2. Vorsitzender Dietmar Rief, Kassenverwalter Nadja \u00d6nc\u00fc, Schriftf\u00fchrerin Kilian Horlacher, Beisitzer Peter Diesch, B\u00fcrgermeister und Vertreter der Stadt Dr. Ralf Baumeister, Leiter des Federseemuseums, beratend Die Mitgliederversammlung hat wegen ihrer Verdienste um den Verein zu Ehrenmitglieder ernannt: Dr. Erwin Keefer Dr. Bertram Tschirdewahn Der Ausschuss des Vereins [&hellip;]<\/p>\n","protected":false},"author":1,"featured_media":0,"parent":0,"menu_order":0,"comment_status":"closed","ping_status":"closed","template":"","meta":{"footnotes":""},"class_list":["post-119","page","type-page","status-publish","hentry"],"_links":{"self":[{"href":"https:\/\/altertumsverein-bad-buchau.de\/index.php?rest_route=\/wp\/v2\/pages\/119","targetHints":{"allow":["GET"]}}],"collection":[{"href":"https:\/\/altertumsverein-bad-buchau.de\/index.php?rest_route=\/wp\/v2\/pages"}],"about":[{"href":"https:\/\/altertumsverein-bad-buchau.de\/index.php?rest_route=\/wp\/v2\/types\/page"}],"author":[{"embeddable":true,"href":"https:\/\/altertumsverein-bad-buchau.de\/index.php?rest_route=\/wp\/v2\/users\/1"}],"replies":[{"embeddable":true,"href":"https:\/\/altertumsverein-bad-buchau.de\/index.php?rest_route=%2Fwp%2Fv2%2Fcomments&post=119"}],"version-history":[{"count":31,"href":"https:\/\/altertumsverein-bad-buchau.de\/index.php?rest_route=\/wp\/v2\/pages\/119\/revisions"}],"predecessor-version":[{"id":610,"href":"https:\/\/altertumsverein-bad-buchau.de\/index.php?rest_route=\/wp\/v2\/pages\/119\/revisions\/610"}],"wp:attachment":[{"href":"https:\/\/altertumsverein-bad-buchau.de\/index.php?rest_route=%2Fwp%2Fv2%2Fmedia&parent=119"}],"curies":[{"name":"wp","href":"https:\/\/api.w.org\/{rel}","templated":true}]}}