{"id":124,"date":"2014-01-12T00:24:45","date_gmt":"2014-01-11T23:24:45","guid":{"rendered":"http:\/\/altertumsverein-bad-buchau.de\/?page_id=124"},"modified":"2025-02-19T23:37:18","modified_gmt":"2025-02-19T22:37:18","slug":"verein-fu%cc%88r-altertumskunde-und-heimatpflege-mit-federseemuseum-bad-buchau-am-federsee-e-v","status":"publish","type":"page","link":"https:\/\/altertumsverein-bad-buchau.de\/","title":{"rendered":"HERZLICH WILLKOMMEN"},"content":{"rendered":"\n<p>Wir sind der Verein f\u00fcr Altertumskunde und Heimatpflege mit dem Federseemuseum Bad Buchau am Federsee e.V.<\/p>\n\n\n\n<p>Informieren Sie sich \u00fcber Inhalte und Neuigkeiten zum Verein.<\/p>\n\n\n\n<p>Vielen Dank f\u00fcr Ihren Besuch!<\/p>\n\n\n\n<h2 class=\"wp-block-heading\" style=\"padding-top:var(--wp--preset--spacing--70);padding-bottom:var(--wp--preset--spacing--70)\">Unsere neuesten Beitr\u00e4ge<\/h2>\n\n\n\n<div class=\"wp-block-query alignwide is-layout-flow wp-block-query-is-layout-flow\"><ul class=\"wp-block-post-template is-layout-flow wp-block-post-template-is-layout-flow\"><li class=\"wp-block-post post-616 post type-post status-publish format-standard hentry category-texte\">\n\n<div class=\"wp-block-columns is-layout-flex wp-container-core-columns-is-layout-1 wp-block-columns-is-layout-flex\">\n<div class=\"wp-block-column is-vertically-aligned-top is-layout-flow wp-block-column-is-layout-flow\" style=\"flex-basis:4em\"><div class=\"wp-block-post-date has-small-font-size\"><time datetime=\"2024-04-06T11:28:41+02:00\">6. Apr. 2024<\/time><\/div><\/div>\n\n\n\n<div class=\"wp-block-column is-vertically-aligned-center is-layout-flow wp-block-column-is-layout-flow\"><h3 style=\"font-size:32px; margin-top:0px;margin-bottom:0px;\" class=\"wp-block-post-title\"><a href=\"https:\/\/altertumsverein-bad-buchau.de\/?p=616\" target=\"_self\" >Federseef\u00e4llungen<\/a><\/h3><\/div>\n<\/div>\n\n\n\n<hr class=\"wp-block-separator has-css-opacity is-style-wide\"\/>\n\n<\/li><li class=\"wp-block-post post-606 post type-post status-publish format-standard hentry category-aktuelles\">\n\n<div class=\"wp-block-columns is-layout-flex wp-container-core-columns-is-layout-2 wp-block-columns-is-layout-flex\">\n<div class=\"wp-block-column is-vertically-aligned-top is-layout-flow wp-block-column-is-layout-flow\" style=\"flex-basis:4em\"><div class=\"wp-block-post-date has-small-font-size\"><time datetime=\"2023-11-15T16:37:23+01:00\">15. Nov. 2023<\/time><\/div><\/div>\n\n\n\n<div class=\"wp-block-column is-vertically-aligned-center is-layout-flow wp-block-column-is-layout-flow\"><h3 style=\"font-size:32px; margin-top:0px;margin-bottom:0px;\" class=\"wp-block-post-title\"><a href=\"https:\/\/altertumsverein-bad-buchau.de\/?p=606\" target=\"_self\" >Die Buchauer Museumskrippe<\/a><\/h3><\/div>\n<\/div>\n\n\n\n<hr class=\"wp-block-separator has-css-opacity is-style-wide\"\/>\n\n<\/li><li class=\"wp-block-post post-705 post type-post status-publish format-standard has-post-thumbnail hentry category-allgemein\">\n\n<div class=\"wp-block-columns is-layout-flex wp-container-core-columns-is-layout-3 wp-block-columns-is-layout-flex\">\n<div class=\"wp-block-column is-vertically-aligned-top is-layout-flow wp-block-column-is-layout-flow\" style=\"flex-basis:4em\"><div class=\"wp-block-post-date has-small-font-size\"><time datetime=\"2025-02-25T18:30:25+01:00\">25. Feb. 2025<\/time><\/div><\/div>\n\n\n\n<div class=\"wp-block-column is-vertically-aligned-center is-layout-flow wp-block-column-is-layout-flow\"><h3 style=\"font-size:32px; margin-top:0px;margin-bottom:0px;\" class=\"wp-block-post-title\"><a href=\"https:\/\/altertumsverein-bad-buchau.de\/?p=705\" target=\"_self\" >Pass der Reichsstadt 1777<\/a><\/h3><\/div>\n<\/div>\n\n\n\n<hr class=\"wp-block-separator has-css-opacity is-style-wide\"\/>\n\n<\/li><li class=\"wp-block-post post-586 post type-post status-publish format-standard hentry category-texte\">\n\n<div class=\"wp-block-columns is-layout-flex wp-container-core-columns-is-layout-4 wp-block-columns-is-layout-flex\">\n<div class=\"wp-block-column is-vertically-aligned-top is-layout-flow wp-block-column-is-layout-flow\" style=\"flex-basis:4em\"><div class=\"wp-block-post-date has-small-font-size\"><time datetime=\"2023-08-15T11:56:07+02:00\">15. Aug. 2023<\/time><\/div><\/div>\n\n\n\n<div class=\"wp-block-column is-vertically-aligned-center is-layout-flow wp-block-column-is-layout-flow\"><h3 style=\"font-size:32px; margin-top:0px;margin-bottom:0px;\" class=\"wp-block-post-title\"><a href=\"https:\/\/altertumsverein-bad-buchau.de\/?p=586\" target=\"_self\" >Der letzte Buchauer Rabbiner<\/a><\/h3><\/div>\n<\/div>\n\n\n\n<hr class=\"wp-block-separator has-css-opacity is-style-wide\"\/>\n\n<\/li><li class=\"wp-block-post post-526 post type-post status-publish format-standard hentry category-texte\">\n\n<div class=\"wp-block-columns is-layout-flex wp-container-core-columns-is-layout-5 wp-block-columns-is-layout-flex\">\n<div class=\"wp-block-column is-vertically-aligned-top is-layout-flow wp-block-column-is-layout-flow\" style=\"flex-basis:4em\"><div class=\"wp-block-post-date has-small-font-size\"><time datetime=\"2020-12-28T15:39:33+01:00\">28. Dez. 2020<\/time><\/div><\/div>\n\n\n\n<div class=\"wp-block-column is-vertically-aligned-center is-layout-flow wp-block-column-is-layout-flow\"><h3 style=\"font-size:32px; margin-top:0px;margin-bottom:0px;\" class=\"wp-block-post-title\"><a href=\"https:\/\/altertumsverein-bad-buchau.de\/?p=526\" target=\"_self\" >Woher kommt der Name &#8222;Einstein&#8220; ?<\/a><\/h3><\/div>\n<\/div>\n\n\n\n<hr class=\"wp-block-separator has-css-opacity is-style-wide\"\/>\n\n<\/li><li class=\"wp-block-post post-512 post type-post status-publish format-standard hentry category-texte\">\n\n<div class=\"wp-block-columns is-layout-flex wp-container-core-columns-is-layout-6 wp-block-columns-is-layout-flex\">\n<div class=\"wp-block-column is-vertically-aligned-top is-layout-flow wp-block-column-is-layout-flow\" style=\"flex-basis:4em\"><div class=\"wp-block-post-date has-small-font-size\"><time datetime=\"2020-12-09T16:12:30+01:00\">9. Dez. 2020<\/time><\/div><\/div>\n\n\n\n<div class=\"wp-block-column is-vertically-aligned-center is-layout-flow wp-block-column-is-layout-flow\"><h3 style=\"font-size:32px; margin-top:0px;margin-bottom:0px;\" class=\"wp-block-post-title\"><a href=\"https:\/\/altertumsverein-bad-buchau.de\/?p=512\" target=\"_self\" >Stiftungsgeschichte von Stadt und Stift Buchau<\/a><\/h3><\/div>\n<\/div>\n\n\n\n<hr class=\"wp-block-separator has-css-opacity is-style-wide\"\/>\n\n<\/li><li class=\"wp-block-post post-475 post type-post status-publish format-standard hentry category-texte\">\n\n<div class=\"wp-block-columns is-layout-flex wp-container-core-columns-is-layout-7 wp-block-columns-is-layout-flex\">\n<div class=\"wp-block-column is-vertically-aligned-top is-layout-flow wp-block-column-is-layout-flow\" style=\"flex-basis:4em\"><div class=\"wp-block-post-date has-small-font-size\"><time datetime=\"2020-06-06T14:35:12+02:00\">6. Juni 2020<\/time><\/div><\/div>\n\n\n\n<div class=\"wp-block-column is-vertically-aligned-center is-layout-flow wp-block-column-is-layout-flow\"><h3 style=\"font-size:32px; margin-top:0px;margin-bottom:0px;\" class=\"wp-block-post-title\"><a href=\"https:\/\/altertumsverein-bad-buchau.de\/?p=475\" target=\"_self\" >Vor 75 Jahren<\/a><\/h3><\/div>\n<\/div>\n\n\n\n<hr class=\"wp-block-separator has-css-opacity is-style-wide\"\/>\n\n<\/li><li class=\"wp-block-post post-455 post type-post status-publish format-standard hentry category-texte\">\n\n<div class=\"wp-block-columns is-layout-flex wp-container-core-columns-is-layout-8 wp-block-columns-is-layout-flex\">\n<div class=\"wp-block-column is-vertically-aligned-top is-layout-flow wp-block-column-is-layout-flow\" style=\"flex-basis:4em\"><div class=\"wp-block-post-date has-small-font-size\"><time datetime=\"2020-03-26T10:06:37+01:00\">26. M\u00e4rz 2020<\/time><\/div><\/div>\n\n\n\n<div class=\"wp-block-column is-vertically-aligned-center is-layout-flow wp-block-column-is-layout-flow\"><h3 style=\"font-size:32px; margin-top:0px;margin-bottom:0px;\" class=\"wp-block-post-title\"><a href=\"https:\/\/altertumsverein-bad-buchau.de\/?p=455\" target=\"_self\" >Der Arzt Ludwig Buzorini (1801 &#8211; 1854) aus Buchau, ein Pionier der Neurologie und Infektologie?<\/a><\/h3><\/div>\n<\/div>\n\n\n\n<hr class=\"wp-block-separator has-css-opacity is-style-wide\"\/>\n\n<\/li><li class=\"wp-block-post post-428 post type-post status-publish format-standard hentry category-texte\">\n\n<div class=\"wp-block-columns is-layout-flex wp-container-core-columns-is-layout-9 wp-block-columns-is-layout-flex\">\n<div class=\"wp-block-column is-vertically-aligned-top is-layout-flow wp-block-column-is-layout-flow\" style=\"flex-basis:4em\"><div class=\"wp-block-post-date has-small-font-size\"><time datetime=\"2018-11-20T10:21:22+01:00\">20. Nov. 2018<\/time><\/div><\/div>\n\n\n\n<div class=\"wp-block-column is-vertically-aligned-center is-layout-flow wp-block-column-is-layout-flow\"><h3 style=\"font-size:32px; margin-top:0px;margin-bottom:0px;\" class=\"wp-block-post-title\"><a href=\"https:\/\/altertumsverein-bad-buchau.de\/?p=428\" target=\"_self\" >Die Seef\u00e4llungen von F.X. M\u00fcller<\/a><\/h3><\/div>\n<\/div>\n\n\n\n<hr class=\"wp-block-separator has-css-opacity is-style-wide\"\/>\n\n<\/li><li class=\"wp-block-post post-300 post type-post status-publish format-aside hentry category-aktuelles post_format-post-format-aside\">\n\n<div class=\"wp-block-columns is-layout-flex wp-container-core-columns-is-layout-10 wp-block-columns-is-layout-flex\">\n<div class=\"wp-block-column is-vertically-aligned-top is-layout-flow wp-block-column-is-layout-flow\" style=\"flex-basis:4em\"><div class=\"wp-block-post-date has-small-font-size\"><time datetime=\"2015-01-19T20:36:23+01:00\">19. Jan. 2015<\/time><\/div><\/div>\n\n\n\n<div class=\"wp-block-column is-vertically-aligned-center is-layout-flow wp-block-column-is-layout-flow\"><h3 style=\"font-size:32px; margin-top:0px;margin-bottom:0px;\" class=\"wp-block-post-title\"><a href=\"https:\/\/altertumsverein-bad-buchau.de\/?p=300\" target=\"_self\" >F\u00fcr Mitglieder<\/a><\/h3><\/div>\n<\/div>\n\n\n\n<hr class=\"wp-block-separator has-css-opacity is-style-wide\"\/>\n\n<\/li><li class=\"wp-block-post post-234 post type-post status-publish format-standard hentry category-texte\">\n\n<div class=\"wp-block-columns is-layout-flex wp-container-core-columns-is-layout-11 wp-block-columns-is-layout-flex\">\n<div class=\"wp-block-column is-vertically-aligned-top is-layout-flow wp-block-column-is-layout-flow\" style=\"flex-basis:4em\"><div class=\"wp-block-post-date has-small-font-size\"><time datetime=\"2014-10-03T22:24:08+02:00\">3. Okt. 2014<\/time><\/div><\/div>\n\n\n\n<div class=\"wp-block-column is-vertically-aligned-center is-layout-flow wp-block-column-is-layout-flow\"><h3 style=\"font-size:32px; margin-top:0px;margin-bottom:0px;\" class=\"wp-block-post-title\"><a href=\"https:\/\/altertumsverein-bad-buchau.de\/?p=234\" target=\"_self\" >Schefold<\/a><\/h3><\/div>\n<\/div>\n\n\n\n<hr class=\"wp-block-separator has-css-opacity is-style-wide\"\/>\n\n<\/li><li class=\"wp-block-post post-204 post type-post status-publish format-standard hentry category-stadt-und-stift category-texte\">\n\n<div class=\"wp-block-columns is-layout-flex wp-container-core-columns-is-layout-12 wp-block-columns-is-layout-flex\">\n<div class=\"wp-block-column is-vertically-aligned-top is-layout-flow wp-block-column-is-layout-flow\" style=\"flex-basis:4em\"><div class=\"wp-block-post-date has-small-font-size\"><time datetime=\"2014-06-17T11:58:08+02:00\">17. Juni 2014<\/time><\/div><\/div>\n\n\n\n<div class=\"wp-block-column is-vertically-aligned-center is-layout-flow wp-block-column-is-layout-flow\"><h3 style=\"font-size:32px; margin-top:0px;margin-bottom:0px;\" class=\"wp-block-post-title\"><a href=\"https:\/\/altertumsverein-bad-buchau.de\/?p=204\" target=\"_self\" >Der Wohll\u00f6bliche Magistrat<\/a><\/h3><\/div>\n<\/div>\n\n\n\n<hr class=\"wp-block-separator has-css-opacity is-style-wide\"\/>\n\n<\/li><li class=\"wp-block-post post-175 post type-post status-publish format-standard hentry category-texte\">\n\n<div class=\"wp-block-columns is-layout-flex wp-container-core-columns-is-layout-13 wp-block-columns-is-layout-flex\">\n<div class=\"wp-block-column is-vertically-aligned-top is-layout-flow wp-block-column-is-layout-flow\" style=\"flex-basis:4em\"><div class=\"wp-block-post-date has-small-font-size\"><time datetime=\"2014-03-04T08:20:52+01:00\">4. M\u00e4rz 2014<\/time><\/div><\/div>\n\n\n\n<div class=\"wp-block-column is-vertically-aligned-center is-layout-flow wp-block-column-is-layout-flow\"><h3 style=\"font-size:32px; margin-top:0px;margin-bottom:0px;\" class=\"wp-block-post-title\"><a href=\"https:\/\/altertumsverein-bad-buchau.de\/?p=175\" target=\"_self\" >Dokumente aus der Vergangenheit<\/a><\/h3><\/div>\n<\/div>\n\n\n\n<hr class=\"wp-block-separator has-css-opacity is-style-wide\"\/>\n\n<\/li><li class=\"wp-block-post post-102 post type-post status-publish format-standard hentry category-stadt-und-stift category-texte tag-10 tag-apostel tag-buggenheu\">\n\n<div class=\"wp-block-columns is-layout-flex wp-container-core-columns-is-layout-14 wp-block-columns-is-layout-flex\">\n<div class=\"wp-block-column is-vertically-aligned-top is-layout-flow wp-block-column-is-layout-flow\" style=\"flex-basis:4em\"><div class=\"wp-block-post-date has-small-font-size\"><time datetime=\"2014-01-11T23:19:59+01:00\">11. Jan. 2014<\/time><\/div><\/div>\n\n\n\n<div class=\"wp-block-column is-vertically-aligned-center is-layout-flow wp-block-column-is-layout-flow\"><h3 style=\"font-size:32px; margin-top:0px;margin-bottom:0px;\" class=\"wp-block-post-title\"><a href=\"https:\/\/altertumsverein-bad-buchau.de\/?p=102\" target=\"_self\" >Der Apostel von Buchau<\/a><\/h3><\/div>\n<\/div>\n\n\n\n<hr class=\"wp-block-separator has-css-opacity is-style-wide\"\/>\n\n<\/li><\/ul><\/div>\n\n\n\n<p><\/p>\n","protected":false},"excerpt":{"rendered":"<p>Wir sind der Verein f\u00fcr Altertumskunde und Heimatpflege mit dem Federseemuseum Bad Buchau am Federsee e.V. Informieren Sie sich \u00fcber Inhalte und Neuigkeiten zum Verein. Vielen Dank f\u00fcr Ihren Besuch! Unsere neuesten Beitr\u00e4ge<\/p>\n","protected":false},"author":1,"featured_media":337,"parent":0,"menu_order":0,"comment_status":"closed","ping_status":"closed","template":"","meta":{"footnotes":""},"class_list":["post-124","page","type-page","status-publish","has-post-thumbnail","hentry"],"_links":{"self":[{"href":"https:\/\/altertumsverein-bad-buchau.de\/index.php?rest_route=\/wp\/v2\/pages\/124","targetHints":{"allow":["GET"]}}],"collection":[{"href":"https:\/\/altertumsverein-bad-buchau.de\/index.php?rest_route=\/wp\/v2\/pages"}],"about":[{"href":"https:\/\/altertumsverein-bad-buchau.de\/index.php?rest_route=\/wp\/v2\/types\/page"}],"author":[{"embeddable":true,"href":"https:\/\/altertumsverein-bad-buchau.de\/index.php?rest_route=\/wp\/v2\/users\/1"}],"replies":[{"embeddable":true,"href":"https:\/\/altertumsverein-bad-buchau.de\/index.php?rest_route=%2Fwp%2Fv2%2Fcomments&post=124"}],"version-history":[{"count":17,"href":"https:\/\/altertumsverein-bad-buchau.de\/index.php?rest_route=\/wp\/v2\/pages\/124\/revisions"}],"predecessor-version":[{"id":698,"href":"https:\/\/altertumsverein-bad-buchau.de\/index.php?rest_route=\/wp\/v2\/pages\/124\/revisions\/698"}],"wp:featuredmedia":[{"embeddable":true,"href":"https:\/\/altertumsverein-bad-buchau.de\/index.php?rest_route=\/wp\/v2\/media\/337"}],"wp:attachment":[{"href":"https:\/\/altertumsverein-bad-buchau.de\/index.php?rest_route=%2Fwp%2Fv2%2Fmedia&parent=124"}],"curies":[{"name":"wp","href":"https:\/\/api.w.org\/{rel}","templated":true}]}}