{"id":13,"date":"2014-01-11T18:39:07","date_gmt":"2014-01-11T16:39:07","guid":{"rendered":"http:\/\/altertumsverein-bad-buchau.de\/?page_id=13"},"modified":"2014-11-15T09:10:36","modified_gmt":"2014-11-15T08:10:36","slug":"vereinschronik","status":"publish","type":"page","link":"https:\/\/altertumsverein-bad-buchau.de\/?page_id=13","title":{"rendered":"Vereinschronik"},"content":{"rendered":"<p style=\"text-align: justify;\">2013 wurde zum 100 -j\u00e4hrigen Bestehen des \u201eVerein f\u00fcr Altertumskunde und Heimatpflege mit Federsee museum Bad Buchau am Federsee e.V.\u201c eine Festschrift erstellt, mit einer Auflage von 500 St\u00fcck. Die Chronik des Vereins bis zu diesem Zeitpunkt stammt aus der Feder von Klaus G\u00fcnther. Auch sind in dieser Festschrift\u00a0 verdiente M\u00e4nner des Altertumsvereins mit Foto und Text biographisch skizziert. Dieses Bild zeigt den Gr\u00fcnder des Vereins, August Gr\u00f6ber, mit Ausgrabungsfundst\u00fccken aus der Wasserburg.<\/p>\n","protected":false},"excerpt":{"rendered":"<p>2013 wurde zum 100 -j\u00e4hrigen Bestehen des \u201eVerein f\u00fcr Altertumskunde und Heimatpflege mit Federsee museum Bad Buchau am Federsee e.V.\u201c eine Festschrift erstellt, mit einer Auflage von 500 St\u00fcck. Die Chronik des Vereins bis zu diesem Zeitpunkt stammt aus der Feder von Klaus G\u00fcnther. Auch sind in dieser Festschrift\u00a0 verdiente M\u00e4nner des Altertumsvereins mit Foto [&hellip;]<\/p>\n","protected":false},"author":1,"featured_media":122,"parent":26,"menu_order":1,"comment_status":"closed","ping_status":"closed","template":"","meta":{"footnotes":""},"class_list":["post-13","page","type-page","status-publish","has-post-thumbnail","hentry"],"_links":{"self":[{"href":"https:\/\/altertumsverein-bad-buchau.de\/index.php?rest_route=\/wp\/v2\/pages\/13","targetHints":{"allow":["GET"]}}],"collection":[{"href":"https:\/\/altertumsverein-bad-buchau.de\/index.php?rest_route=\/wp\/v2\/pages"}],"about":[{"href":"https:\/\/altertumsverein-bad-buchau.de\/index.php?rest_route=\/wp\/v2\/types\/page"}],"author":[{"embeddable":true,"href":"https:\/\/altertumsverein-bad-buchau.de\/index.php?rest_route=\/wp\/v2\/users\/1"}],"replies":[{"embeddable":true,"href":"https:\/\/altertumsverein-bad-buchau.de\/index.php?rest_route=%2Fwp%2Fv2%2Fcomments&post=13"}],"version-history":[{"count":6,"href":"https:\/\/altertumsverein-bad-buchau.de\/index.php?rest_route=\/wp\/v2\/pages\/13\/revisions"}],"predecessor-version":[{"id":262,"href":"https:\/\/altertumsverein-bad-buchau.de\/index.php?rest_route=\/wp\/v2\/pages\/13\/revisions\/262"}],"up":[{"embeddable":true,"href":"https:\/\/altertumsverein-bad-buchau.de\/index.php?rest_route=\/wp\/v2\/pages\/26"}],"wp:featuredmedia":[{"embeddable":true,"href":"https:\/\/altertumsverein-bad-buchau.de\/index.php?rest_route=\/wp\/v2\/media\/122"}],"wp:attachment":[{"href":"https:\/\/altertumsverein-bad-buchau.de\/index.php?rest_route=%2Fwp%2Fv2%2Fmedia&parent=13"}],"curies":[{"name":"wp","href":"https:\/\/api.w.org\/{rel}","templated":true}]}}