{"id":52,"date":"2014-01-11T21:12:16","date_gmt":"2014-01-11T19:12:16","guid":{"rendered":"http:\/\/altertumsverein-bad-buchau.de\/?page_id=52"},"modified":"2014-04-06T22:01:24","modified_gmt":"2014-04-06T20:01:24","slug":"foerderverein-federseemuseum","status":"publish","type":"page","link":"https:\/\/altertumsverein-bad-buchau.de\/?page_id=52","title":{"rendered":"F\u00f6rderverein Federseemuseum"},"content":{"rendered":"<p>Die Attraktivit\u00e4t und Wertsch\u00e4tzung unserer einzigartigen oberschw\u00e4bischen Kulturlandschaft geht einher mit der kulturellen Verantwortung um den Erhalt tradierter Werte und deren Weitergabe mit zeitgem\u00e4\u00dfen Vermittlungsformen an eine breite \u00d6ffentlichkeit.<\/p>\n<p>Damit das Angebot im Federseemuseum auch weiterhin attraktiv fortgesetzt werden kann, sind zus\u00e4tzliche Finanzmittel zur Planungssicherheit n\u00f6tig, um den Erfolg des Museums f\u00fcr die Region auch als attraktives Kulturziel f\u00fcr Touristen nachhaltig etablieren und professionell ausbauen zu k\u00f6nnen.<\/p>\n<p>Der F\u00f6rderkreis verfolgt ausschlie\u00dflich gemeinn\u00fctzige Zwecke. Mit seiner Gr\u00fcn- dung soll das Federseemuseum vorwiegend in seinem laufenden Betrieb ideell und finanziell unterst\u00fctzt werden; die Mit- arbeit erfolgt ehrenamtlich mit dem Ziel, f\u00fcr den Museumsbetrieb sichere Rah- menbedingungen zu schaffen, sowie die wirtschaftlichen Grundlagen zu festigen und zu erweitern.<\/p>\n<p>Die Jahresspende betr\u00e4gt mindestens 45,- \u20ac , \u00fcber die H\u00f6he bestimmt im \u00fcbrigen jedes Mitglied selbst; die Zuwendungen k\u00f6nnen im Rahmen der gesetzlichen Bestimmungen mit einer Spendenbescheinigung steuerlich geltend gemacht werden.<\/p>\n<p>Verl\u00e4ssliche Partner, Sponsoren und Freunde sind gefragt, mit denen wir gemeinsam in einem gemeinn\u00fctzigen F\u00f6rderverein diesen Weg beschreiten k\u00f6nnen.<\/p>\n<p>Daher bitten wir Sie herzlich: Machen Sie mit, unterst\u00fctzen Sie mit Ihrem Engagement eine wertvolle Kultureinrichtung unserer Stadt. N\u00e4here Informationen erhalten Sie beim Federseemuseum<\/p>\n<p>F\u00f6rderverein Federseemuseum Adolf Gr\u00f6ber Platz 88422 Bad Buchau<\/p>\n<p>Tel.: <span class=\"skype_c2c_print_container\">07582 8350<\/span><span class=\"skype_c2c_container\" dir=\"ltr\" tabindex=\"-1\" onmouseover=\"SkypeClick2Call.MenuInjectionHandler.showMenu(this, event)\" onmouseout=\"SkypeClick2Call.MenuInjectionHandler.hideMenu(event)\"><span class=\"skype_c2c_highlighting_inactive_common\" dir=\"ltr\"><span class=\"skype_c2c_textarea_span\"><img decoding=\"async\" class=\"skype_c2c_logo_img\" alt=\"\" src=\"resource:\/\/skype_ff_extension-at-jetpack\/skype_ff_extension\/data\/call_skype_logo.png\" \/><span class=\"skype_c2c_text_span\">07582 8350<\/span><\/span><\/span><\/span><br \/>\nFax: 07582933810<br \/>\nMail: info(at)federseemuseum.de<\/p>\n<div class=\"skype_c2c_menu_container\" id=\"skype_c2c_menu_container\" style=\"display: none;\" onmouseover=\"SkypeClick2Call.MenuInjectionHandler.showMenu(this, event)\" onmouseout=\"SkypeClick2Call.MenuInjectionHandler.hideMenu(event)\">\n<div class=\"skype_c2c_menu_click2call\"><a class=\"skype_c2c_menu_click2call_action\" id=\"skype_c2c_menu_click2call_action\"><\/a>Call<\/div>\n<div class=\"skype_c2c_menu_click2sms\"><a class=\"skype_c2c_menu_click2sms_action\" id=\"skype_c2c_menu_click2sms_action\"><\/a>Send SMS<\/div>\n<div class=\"skype_c2c_menu_add2skype\"><a class=\"skype_c2c_menu_add2skype_text\" id=\"skype_c2c_menu_add2skype_text\"><\/a>Add to Skype<\/div>\n<div class=\"skype_c2c_menu_toll_info\"><span class=\"skype_c2c_menu_toll_callcredit\">You&#8217;ll need Skype Credit<\/span><span class=\"skype_c2c_menu_toll_free\">Free via Skype<\/span><\/div>\n<\/div>\n","protected":false},"excerpt":{"rendered":"<p>Die Attraktivit\u00e4t und Wertsch\u00e4tzung unserer einzigartigen oberschw\u00e4bischen Kulturlandschaft geht einher mit der kulturellen Verantwortung um den Erhalt tradierter Werte und deren Weitergabe mit zeitgem\u00e4\u00dfen Vermittlungsformen an eine breite \u00d6ffentlichkeit. Damit das Angebot im Federseemuseum auch weiterhin attraktiv fortgesetzt werden kann, sind zus\u00e4tzliche Finanzmittel zur Planungssicherheit n\u00f6tig, um den Erfolg des Museums f\u00fcr die Region auch [&hellip;]<\/p>\n","protected":false},"author":1,"featured_media":0,"parent":0,"menu_order":3,"comment_status":"closed","ping_status":"closed","template":"","meta":{"footnotes":""},"class_list":["post-52","page","type-page","status-publish","hentry"],"_links":{"self":[{"href":"https:\/\/altertumsverein-bad-buchau.de\/index.php?rest_route=\/wp\/v2\/pages\/52","targetHints":{"allow":["GET"]}}],"collection":[{"href":"https:\/\/altertumsverein-bad-buchau.de\/index.php?rest_route=\/wp\/v2\/pages"}],"about":[{"href":"https:\/\/altertumsverein-bad-buchau.de\/index.php?rest_route=\/wp\/v2\/types\/page"}],"author":[{"embeddable":true,"href":"https:\/\/altertumsverein-bad-buchau.de\/index.php?rest_route=\/wp\/v2\/users\/1"}],"replies":[{"embeddable":true,"href":"https:\/\/altertumsverein-bad-buchau.de\/index.php?rest_route=%2Fwp%2Fv2%2Fcomments&post=52"}],"version-history":[{"count":4,"href":"https:\/\/altertumsverein-bad-buchau.de\/index.php?rest_route=\/wp\/v2\/pages\/52\/revisions"}],"predecessor-version":[{"id":191,"href":"https:\/\/altertumsverein-bad-buchau.de\/index.php?rest_route=\/wp\/v2\/pages\/52\/revisions\/191"}],"wp:attachment":[{"href":"https:\/\/altertumsverein-bad-buchau.de\/index.php?rest_route=%2Fwp%2Fv2%2Fmedia&parent=52"}],"curies":[{"name":"wp","href":"https:\/\/api.w.org\/{rel}","templated":true}]}}